{"id":6,"date":"2023-06-01T20:09:27","date_gmt":"2023-06-01T18:09:27","guid":{"rendered":"http:\/\/mpf31.com\/?page_id=6"},"modified":"2025-01-14T16:45:39","modified_gmt":"2025-01-14T15:45:39","slug":"votre-partenaire-technique-en-midi-pyrenees","status":"publish","type":"page","link":"https:\/\/mpf31.com\/","title":{"rendered":"Midi-Pyr\u00e9n\u00e9es Fixations"},"content":{"rendered":"\n<figure class=\"wp-block-embed is-type-video is-provider-youtube wp-block-embed-youtube wp-embed-aspect-16-9 wp-has-aspect-ratio\"><div class=\"wp-block-embed__wrapper\">\n<iframe loading=\"lazy\" title=\"Midi Pyr\u00e9n\u00e9es Fixations (Pr\u00e9sentation)\" width=\"580\" height=\"326\" src=\"https:\/\/www.youtube.com\/embed\/-MD1-9hoPGk?feature=oembed\" frameborder=\"0\" allow=\"accelerometer; autoplay; clipboard-write; encrypted-media; gyroscope; picture-in-picture; web-share\" referrerpolicy=\"strict-origin-when-cross-origin\" allowfullscreen><\/iframe>\n<\/div><\/figure>\n\n\n\n<h2 class=\"wp-block-heading\">Catalogue Essentiel B\u00e2timent 2025<\/h2>\n\n\n<div style=\"text-align:center;\">\n<div style=\"margin:8px 0px 4px;\"><a href=\"https:\/\/www.calameo.com\/books\/005053819514fce8f95ea?authid=VnX3GGgPhl9I\" target=\"_blank\">L&#039;Essentiel B\u00e2timent 2025<\/a><\/div>\n<p><iframe loading=\"lazy\" src=\"\/\/v.calameo.com\/?bkcode=005053819514fce8f95ea&#038;AuthID=VnX3GGgPhl9I\" width=\"300\" height=\"194\" frameborder=\"0\" scrolling=\"no\" allowtransparency allowfullscreen style=\"margin:0 auto;\"><\/iframe><\/p>\n<div style=\"margin:4px 0px 8px;\"><a href=\"http:\/\/www.calameo.com\/\">Publish at Calameo<\/a><\/div>\n<\/div>\n\n\n\n<h2 class=\"wp-block-heading\">Catalogue Essentiel Industrie 2025<\/h2>\n\n\n<div style=\"text-align:center;\">\n<div style=\"margin:8px 0px 4px;\"><a href=\"https:\/\/www.calameo.com\/books\/0050538197bbc7e15589e?authid=6NoVJ45qK9O5\" target=\"_blank\">L&#039;Essentiel 2025<\/a><\/div>\n<p><iframe loading=\"lazy\" src=\"\/\/v.calameo.com\/?bkcode=0050538197bbc7e15589e&#038;AuthID=6NoVJ45qK9O5\" width=\"300\" height=\"194\" frameborder=\"0\" scrolling=\"no\" allowtransparency allowfullscreen style=\"margin:0 auto;\"><\/iframe><\/p>\n<div style=\"margin:4px 0px 8px;\"><a href=\"http:\/\/www.calameo.com\/\">Publish at Calameo<\/a><\/div>\n<\/div>\n\n\n\n<h2 class=\"wp-block-heading\">Catalogue Master 2025<\/h2>\n\n\n<div style=\"text-align:center;\">\n<div style=\"margin:8px 0px 4px;\"><a href=\"https:\/\/www.calameo.com\/books\/00505381993bf1711e91a?authid=ZRtyv8BWkxjE\" target=\"_blank\">Le Master 2023-2025<\/a><\/div>\n<p><iframe loading=\"lazy\" src=\"\/\/v.calameo.com\/?bkcode=00505381993bf1711e91a&#038;AuthID=ZRtyv8BWkxjE\" width=\"300\" height=\"194\" frameborder=\"0\" scrolling=\"no\" allowtransparency allowfullscreen style=\"margin:0 auto;\"><\/iframe><\/p>\n<div style=\"margin:4px 0px 8px;\"><a href=\"http:\/\/www.calameo.com\/\">Publish at Calameo<\/a><\/div>\n<\/div>\n","protected":false},"excerpt":{"rendered":"<p>Catalogue Essentiel B\u00e2timent 2025 Catalogue Essentiel Industrie 2025 Catalogue Master 2025<\/p>\n","protected":false},"author":1,"featured_media":0,"parent":0,"menu_order":0,"comment_status":"closed","ping_status":"closed","template":"","meta":{"footnotes":""},"class_list":["post-6","page","type-page","status-publish","hentry"],"_links":{"self":[{"href":"https:\/\/mpf31.com\/index.php\/wp-json\/wp\/v2\/pages\/6","targetHints":{"allow":["GET"]}}],"collection":[{"href":"https:\/\/mpf31.com\/index.php\/wp-json\/wp\/v2\/pages"}],"about":[{"href":"https:\/\/mpf31.com\/index.php\/wp-json\/wp\/v2\/types\/page"}],"author":[{"embeddable":true,"href":"https:\/\/mpf31.com\/index.php\/wp-json\/wp\/v2\/users\/1"}],"replies":[{"embeddable":true,"href":"https:\/\/mpf31.com\/index.php\/wp-json\/wp\/v2\/comments?post=6"}],"version-history":[{"count":8,"href":"https:\/\/mpf31.com\/index.php\/wp-json\/wp\/v2\/pages\/6\/revisions"}],"predecessor-version":[{"id":42,"href":"https:\/\/mpf31.com\/index.php\/wp-json\/wp\/v2\/pages\/6\/revisions\/42"}],"wp:attachment":[{"href":"https:\/\/mpf31.com\/index.php\/wp-json\/wp\/v2\/media?parent=6"}],"curies":[{"name":"wp","href":"https:\/\/api.w.org\/{rel}","templated":true}]}}